{"id":263,"date":"2020-03-25T15:15:01","date_gmt":"2020-03-25T14:15:01","guid":{"rendered":"https:\/\/www.lilithparis.com\/?page_id=263"},"modified":"2025-10-29T12:17:44","modified_gmt":"2025-10-29T11:17:44","slug":"workshop-workshop-knitting-italian","status":"publish","type":"page","link":"https:\/\/www.lilithparis.com\/en\/ateliers\/atelier-italien\/","title":{"rendered":"Italian knitting workshop"},"content":{"rendered":"\t\t<div data-elementor-type=\"wp-page\" data-elementor-id=\"263\" class=\"elementor elementor-263\" data-elementor-post-type=\"page\">\n\t\t\t\t\t\t<section class=\"elementor-section elementor-top-section elementor-element elementor-element-42cddb3 elementor-section-boxed elementor-section-height-default elementor-section-height-default\" data-id=\"42cddb3\" data-element_type=\"section\" data-e-type=\"section\">\n\t\t\t\t\t\t<div class=\"elementor-container elementor-column-gap-default\">\n\t\t\t\t\t<div class=\"elementor-column elementor-col-100 elementor-top-column elementor-element elementor-element-40d2800\" data-id=\"40d2800\" data-element_type=\"column\" data-e-type=\"column\">\n\t\t\t<div class=\"elementor-widget-wrap elementor-element-populated\">\n\t\t\t\t\t\t<div class=\"elementor-element elementor-element-8b6b8f3 elementor-widget elementor-widget-spacer\" data-id=\"8b6b8f3\" data-element_type=\"widget\" data-e-type=\"widget\" data-widget_type=\"spacer.default\">\n\t\t\t\t<div class=\"elementor-widget-container\">\n\t\t\t\t\t\t\t<div class=\"elementor-spacer\">\n\t\t\t<div class=\"elementor-spacer-inner\"><\/div>\n\t\t<\/div>\n\t\t\t\t\t\t<\/div>\n\t\t\t\t<\/div>\n\t\t\t\t\t<\/div>\n\t\t<\/div>\n\t\t\t\t\t<\/div>\n\t\t<\/section>\n\t\t\t\t<section class=\"elementor-section elementor-top-section elementor-element elementor-element-686ac69 elementor-section-boxed elementor-section-height-default elementor-section-height-default\" data-id=\"686ac69\" data-element_type=\"section\" data-e-type=\"section\">\n\t\t\t\t\t\t<div class=\"elementor-container elementor-column-gap-default\">\n\t\t\t\t\t<div class=\"elementor-column elementor-col-100 elementor-top-column elementor-element elementor-element-c33361f\" data-id=\"c33361f\" data-element_type=\"column\" data-e-type=\"column\">\n\t\t\t<div class=\"elementor-widget-wrap elementor-element-populated\">\n\t\t\t\t\t\t<div class=\"elementor-element elementor-element-e55487d elementor-widget elementor-widget-image\" data-id=\"e55487d\" data-element_type=\"widget\" data-e-type=\"widget\" data-widget_type=\"image.default\">\n\t\t\t\t<div class=\"elementor-widget-container\">\n\t\t\t\t\t\t\t\t\t\t\t\t\t\t\t<img fetchpriority=\"high\" decoding=\"async\" width=\"2200\" height=\"630\" src=\"https:\/\/www.lilithparis.com\/wp-content\/uploads\/2025\/10\/atelier-italien-banner.webp\" class=\"attachment-full size-full wp-image-50879\" alt=\"\" srcset=\"https:\/\/www.lilithparis.com\/wp-content\/uploads\/2025\/10\/atelier-italien-banner.webp 2200w, https:\/\/www.lilithparis.com\/wp-content\/uploads\/2025\/10\/atelier-italien-banner-600x172.webp 600w, https:\/\/www.lilithparis.com\/wp-content\/uploads\/2025\/10\/atelier-italien-banner-1200x344.webp 1200w, https:\/\/www.lilithparis.com\/wp-content\/uploads\/2025\/10\/atelier-italien-banner-300x86.webp 300w, https:\/\/www.lilithparis.com\/wp-content\/uploads\/2025\/10\/atelier-italien-banner-1024x293.webp 1024w, https:\/\/www.lilithparis.com\/wp-content\/uploads\/2025\/10\/atelier-italien-banner-768x220.webp 768w, https:\/\/www.lilithparis.com\/wp-content\/uploads\/2025\/10\/atelier-italien-banner-1536x440.webp 1536w, https:\/\/www.lilithparis.com\/wp-content\/uploads\/2025\/10\/atelier-italien-banner-2048x586.webp 2048w, https:\/\/www.lilithparis.com\/wp-content\/uploads\/2025\/10\/atelier-italien-banner-18x5.webp 18w\" sizes=\"(max-width: 2200px) 100vw, 2200px\" \/>\t\t\t\t\t\t\t\t\t\t\t\t\t\t\t<\/div>\n\t\t\t\t<\/div>\n\t\t\t\t<div class=\"elementor-element elementor-element-2ebce64 elementor-widget elementor-widget-image\" data-id=\"2ebce64\" data-element_type=\"widget\" data-e-type=\"widget\" data-widget_type=\"image.default\">\n\t\t\t\t<div class=\"elementor-widget-container\">\n\t\t\t\t\t\t\t\t\t\t\t\t\t\t\t<img decoding=\"async\" width=\"2430\" height=\"812\" src=\"https:\/\/www.lilithparis.com\/wp-content\/uploads\/2024\/05\/Capture-decran-2024-05-12-a-22.44.19.png\" class=\"attachment-full size-full wp-image-40035\" alt=\"\" srcset=\"https:\/\/www.lilithparis.com\/wp-content\/uploads\/2024\/05\/Capture-decran-2024-05-12-a-22.44.19.png 2430w, https:\/\/www.lilithparis.com\/wp-content\/uploads\/2024\/05\/Capture-decran-2024-05-12-a-22.44.19-600x200.png 600w, https:\/\/www.lilithparis.com\/wp-content\/uploads\/2024\/05\/Capture-decran-2024-05-12-a-22.44.19-1200x401.png 1200w, https:\/\/www.lilithparis.com\/wp-content\/uploads\/2024\/05\/Capture-decran-2024-05-12-a-22.44.19-300x100.png 300w, https:\/\/www.lilithparis.com\/wp-content\/uploads\/2024\/05\/Capture-decran-2024-05-12-a-22.44.19-1024x342.png 1024w, https:\/\/www.lilithparis.com\/wp-content\/uploads\/2024\/05\/Capture-decran-2024-05-12-a-22.44.19-768x257.png 768w, https:\/\/www.lilithparis.com\/wp-content\/uploads\/2024\/05\/Capture-decran-2024-05-12-a-22.44.19-1536x513.png 1536w, https:\/\/www.lilithparis.com\/wp-content\/uploads\/2024\/05\/Capture-decran-2024-05-12-a-22.44.19-2048x684.png 2048w, https:\/\/www.lilithparis.com\/wp-content\/uploads\/2024\/05\/Capture-decran-2024-05-12-a-22.44.19-18x6.png 18w\" sizes=\"(max-width: 2430px) 100vw, 2430px\" \/>\t\t\t\t\t\t\t\t\t\t\t\t\t\t\t<\/div>\n\t\t\t\t<\/div>\n\t\t\t\t\t<\/div>\n\t\t<\/div>\n\t\t\t\t\t<\/div>\n\t\t<\/section>\n\t\t\t\t<section class=\"elementor-section elementor-top-section elementor-element elementor-element-b5f14d9 elementor-section-boxed elementor-section-height-default elementor-section-height-default\" data-id=\"b5f14d9\" data-element_type=\"section\" data-e-type=\"section\">\n\t\t\t\t\t\t<div class=\"elementor-container elementor-column-gap-default\">\n\t\t\t\t\t<div class=\"elementor-column elementor-col-100 elementor-top-column elementor-element elementor-element-a68605a\" data-id=\"a68605a\" data-element_type=\"column\" data-e-type=\"column\">\n\t\t\t<div class=\"elementor-widget-wrap elementor-element-populated\">\n\t\t\t\t\t\t<div class=\"elementor-element elementor-element-45f73aa elementor-widget-divider--view-line elementor-widget elementor-widget-divider\" data-id=\"45f73aa\" data-element_type=\"widget\" data-e-type=\"widget\" data-widget_type=\"divider.default\">\n\t\t\t\t<div class=\"elementor-widget-container\">\n\t\t\t\t\t\t\t<div class=\"elementor-divider\">\n\t\t\t<span class=\"elementor-divider-separator\">\n\t\t\t\t\t\t<\/span>\n\t\t<\/div>\n\t\t\t\t\t\t<\/div>\n\t\t\t\t<\/div>\n\t\t\t\t<div class=\"elementor-element elementor-element-2483078 elementor-widget elementor-widget-spacer\" data-id=\"2483078\" data-element_type=\"widget\" data-e-type=\"widget\" data-widget_type=\"spacer.default\">\n\t\t\t\t<div class=\"elementor-widget-container\">\n\t\t\t\t\t\t\t<div class=\"elementor-spacer\">\n\t\t\t<div class=\"elementor-spacer-inner\"><\/div>\n\t\t<\/div>\n\t\t\t\t\t\t<\/div>\n\t\t\t\t<\/div>\n\t\t\t\t<div class=\"elementor-element elementor-element-fb247b3 elementor-widget elementor-widget-heading\" data-id=\"fb247b3\" data-element_type=\"widget\" data-e-type=\"widget\" data-widget_type=\"heading.default\">\n\t\t\t\t<div class=\"elementor-widget-container\">\n\t\t\t\t\t<h2 class=\"elementor-heading-title elementor-size-default\">Notre atelier en Italie<\/h2>\t\t\t\t<\/div>\n\t\t\t\t<\/div>\n\t\t\t\t\t<\/div>\n\t\t<\/div>\n\t\t\t\t\t<\/div>\n\t\t<\/section>\n\t\t\t\t<section class=\"elementor-section elementor-top-section elementor-element elementor-element-c4836a9 elementor-section-boxed elementor-section-height-default elementor-section-height-default\" data-id=\"c4836a9\" data-element_type=\"section\" data-e-type=\"section\">\n\t\t\t\t\t\t<div class=\"elementor-container elementor-column-gap-default\">\n\t\t\t\t\t<div class=\"elementor-column elementor-col-50 elementor-top-column elementor-element elementor-element-9ab0afe\" data-id=\"9ab0afe\" data-element_type=\"column\" data-e-type=\"column\">\n\t\t\t<div class=\"elementor-widget-wrap elementor-element-populated\">\n\t\t\t\t\t\t<div class=\"elementor-element elementor-element-59ea2e0 elementor-widget elementor-widget-toggle\" data-id=\"59ea2e0\" data-element_type=\"widget\" data-e-type=\"widget\" data-widget_type=\"toggle.default\">\n\t\t\t\t<div class=\"elementor-widget-container\">\n\t\t\t\t\t\t\t<div class=\"elementor-toggle\">\n\t\t\t\t\t\t\t<div class=\"elementor-toggle-item\">\n\t\t\t\t\t<div id=\"elementor-tab-title-9421\" class=\"elementor-tab-title\" data-tab=\"1\" role=\"button\" aria-controls=\"elementor-tab-content-9421\" aria-expanded=\"false\">\n\t\t\t\t\t\t\t\t\t\t\t\t<span class=\"elementor-toggle-icon elementor-toggle-icon-left\" aria-hidden=\"true\">\n\t\t\t\t\t\t\t\t\t\t\t\t\t\t\t<span class=\"elementor-toggle-icon-closed\"><i class=\"fas fa-caret-right\"><\/i><\/span>\n\t\t\t\t\t\t\t\t<span class=\"elementor-toggle-icon-opened\"><i class=\"elementor-toggle-icon-opened fas fa-caret-up\"><\/i><\/span>\n\t\t\t\t\t\t\t\t\t\t\t\t\t<\/span>\n\t\t\t\t\t\t\t\t\t\t\t\t<a class=\"elementor-toggle-title\" tabindex=\"0\">Un \"vrai\" savoir-faire artisanal<\/a>\n\t\t\t\t\t<\/div>\n\n\t\t\t\t\t<div id=\"elementor-tab-content-9421\" class=\"elementor-tab-content elementor-clearfix\" data-tab=\"1\" role=\"region\" aria-labelledby=\"elementor-tab-title-9421\"><p class=\"p1\">Fond\u00e9 en 1968 par la volont\u00e9 d&rsquo;une famille, l&rsquo;atelier de fabrication que nous avons choisi est devenu une r\u00e9f\u00e9rence pour ceux qui recherchent un produit de qualit\u00e9. Aujourd&rsquo;hui cette usine b\u00e9n\u00e9ficie non seulement d&rsquo;une grande notori\u00e9t\u00e9 en Italie mais \u00e9galement en Europe, et dans de nombreux autres pays.<\/p><\/div>\n\t\t\t\t<\/div>\n\t\t\t\t\t\t\t<div class=\"elementor-toggle-item\">\n\t\t\t\t\t<div id=\"elementor-tab-title-9422\" class=\"elementor-tab-title\" data-tab=\"2\" role=\"button\" aria-controls=\"elementor-tab-content-9422\" aria-expanded=\"false\">\n\t\t\t\t\t\t\t\t\t\t\t\t<span class=\"elementor-toggle-icon elementor-toggle-icon-left\" aria-hidden=\"true\">\n\t\t\t\t\t\t\t\t\t\t\t\t\t\t\t<span class=\"elementor-toggle-icon-closed\"><i class=\"fas fa-caret-right\"><\/i><\/span>\n\t\t\t\t\t\t\t\t<span class=\"elementor-toggle-icon-opened\"><i class=\"elementor-toggle-icon-opened fas fa-caret-up\"><\/i><\/span>\n\t\t\t\t\t\t\t\t\t\t\t\t\t<\/span>\n\t\t\t\t\t\t\t\t\t\t\t\t<a class=\"elementor-toggle-title\" tabindex=\"0\">Une entreprise \"Green\"<\/a>\n\t\t\t\t\t<\/div>\n\n\t\t\t\t\t<div id=\"elementor-tab-content-9422\" class=\"elementor-tab-content elementor-clearfix\" data-tab=\"2\" role=\"region\" aria-labelledby=\"elementor-tab-title-9422\"><p class=\"p1\">La recherche permanente d&rsquo;innovations de cet atelier lui permet de couvrir, gr\u00e2ce \u00e0 l&rsquo;utilisation des ressources renouvelables presque 100% de ses besoins \u00e9nerg\u00e9tiques. L&rsquo;utilisation de panneaux photovolta\u00efques et une attention constante de la consommation \u00e9lectrique font de cet atelier de tricotage une v\u00e9ritable entreprise \u00ab\u00a0Green\u00a0\u00bb.<\/p><\/div>\n\t\t\t\t<\/div>\n\t\t\t\t\t\t\t<div class=\"elementor-toggle-item\">\n\t\t\t\t\t<div id=\"elementor-tab-title-9423\" class=\"elementor-tab-title\" data-tab=\"3\" role=\"button\" aria-controls=\"elementor-tab-content-9423\" aria-expanded=\"false\">\n\t\t\t\t\t\t\t\t\t\t\t\t<span class=\"elementor-toggle-icon elementor-toggle-icon-left\" aria-hidden=\"true\">\n\t\t\t\t\t\t\t\t\t\t\t\t\t\t\t<span class=\"elementor-toggle-icon-closed\"><i class=\"fas fa-caret-right\"><\/i><\/span>\n\t\t\t\t\t\t\t\t<span class=\"elementor-toggle-icon-opened\"><i class=\"elementor-toggle-icon-opened fas fa-caret-up\"><\/i><\/span>\n\t\t\t\t\t\t\t\t\t\t\t\t\t<\/span>\n\t\t\t\t\t\t\t\t\t\t\t\t<a class=\"elementor-toggle-title\" tabindex=\"0\">Le m\u00e9tier<\/a>\n\t\t\t\t\t<\/div>\n\n\t\t\t\t\t<div id=\"elementor-tab-content-9423\" class=\"elementor-tab-content elementor-clearfix\" data-tab=\"3\" role=\"region\" aria-labelledby=\"elementor-tab-title-9423\"><p class=\"p1\">Le soin apport\u00e9 au processus de production, la connaissance des techniques anciennes de l&rsquo;artisanat, combin\u00e9 \u00e0 l&rsquo;attention port\u00e9e \u00e0 l&rsquo;\u00e9cologie cr\u00e9ent un environnement de travail harmonieux. C&rsquo;est une petite \u00e9quipe d&rsquo;experts sp\u00e9cialis\u00e9s qui suit et contr\u00f4le toutes les phases de production, moteur de cette entreprise. Du tricotage \u00e0 l&rsquo;exp\u00e9dition, le souci des particularit\u00e9s et l&rsquo;attention port\u00e9e aux d\u00e9tails font que les pulls tricot\u00e9s ici sont des pi\u00e8ces de haute qualit\u00e9.<\/p><\/div>\n\t\t\t\t<\/div>\n\t\t\t\t\t\t\t\t<\/div>\n\t\t\t\t\t\t<\/div>\n\t\t\t\t<\/div>\n\t\t\t\t\t<\/div>\n\t\t<\/div>\n\t\t\t\t<div class=\"elementor-column elementor-col-50 elementor-top-column elementor-element elementor-element-5e2e0d3\" data-id=\"5e2e0d3\" data-element_type=\"column\" data-e-type=\"column\" data-settings=\"{&quot;background_background&quot;:&quot;slideshow&quot;,&quot;background_slideshow_gallery&quot;:[{&quot;id&quot;:50854,&quot;url&quot;:&quot;https:\\\/\\\/www.lilithparis.com\\\/wp-content\\\/uploads\\\/2025\\\/10\\\/Atelier-Italie-Lilith-Paris1.jpg&quot;},{&quot;id&quot;:50855,&quot;url&quot;:&quot;https:\\\/\\\/www.lilithparis.com\\\/wp-content\\\/uploads\\\/2025\\\/10\\\/Atelier-Italie-Lilith-Paris2.jpg&quot;},{&quot;id&quot;:50858,&quot;url&quot;:&quot;https:\\\/\\\/www.lilithparis.com\\\/wp-content\\\/uploads\\\/2025\\\/10\\\/Atelier-Italie-Lilith-Paris5.jpg&quot;},{&quot;id&quot;:50859,&quot;url&quot;:&quot;https:\\\/\\\/www.lilithparis.com\\\/wp-content\\\/uploads\\\/2025\\\/10\\\/Atelier-Italie-Lilith-Paris6.jpg&quot;},{&quot;id&quot;:50860,&quot;url&quot;:&quot;https:\\\/\\\/www.lilithparis.com\\\/wp-content\\\/uploads\\\/2025\\\/10\\\/Atelier-Italie-Lilith-Paris7.jpg&quot;},{&quot;id&quot;:50861,&quot;url&quot;:&quot;https:\\\/\\\/www.lilithparis.com\\\/wp-content\\\/uploads\\\/2025\\\/10\\\/Atelier-Italie-Lilith-Paris8.jpg&quot;},{&quot;id&quot;:50862,&quot;url&quot;:&quot;https:\\\/\\\/www.lilithparis.com\\\/wp-content\\\/uploads\\\/2025\\\/10\\\/Atelier-Italie-Lilith-Paris9.jpg&quot;},{&quot;id&quot;:50863,&quot;url&quot;:&quot;https:\\\/\\\/www.lilithparis.com\\\/wp-content\\\/uploads\\\/2025\\\/10\\\/Atelier-Italie-Lilith-Paris10.jpg&quot;}],&quot;background_slideshow_loop&quot;:&quot;yes&quot;,&quot;background_slideshow_slide_duration&quot;:5000,&quot;background_slideshow_slide_transition&quot;:&quot;fade&quot;,&quot;background_slideshow_transition_duration&quot;:500}\">\n\t\t\t<div class=\"elementor-widget-wrap elementor-element-populated\">\n\t\t\t\t\t\t<div class=\"elementor-element elementor-element-2494ef7 elementor-widget elementor-widget-spacer\" data-id=\"2494ef7\" data-element_type=\"widget\" data-e-type=\"widget\" data-widget_type=\"spacer.default\">\n\t\t\t\t<div class=\"elementor-widget-container\">\n\t\t\t\t\t\t\t<div class=\"elementor-spacer\">\n\t\t\t<div class=\"elementor-spacer-inner\"><\/div>\n\t\t<\/div>\n\t\t\t\t\t\t<\/div>\n\t\t\t\t<\/div>\n\t\t\t\t\t<\/div>\n\t\t<\/div>\n\t\t\t\t\t<\/div>\n\t\t<\/section>\n\t\t\t\t<\/div>\n\t\t","protected":false},"excerpt":{"rendered":"<p>Notre atelier en Italie Un \u00ab\u00a0vrai\u00a0\u00bb savoir-faire artisanal Fond\u00e9 en 1968 par la volont\u00e9 d&rsquo;une famille, l&rsquo;atelier de fabrication que nous avons choisi est devenu une r\u00e9f\u00e9rence pour ceux qui recherchent un produit de qualit\u00e9. Aujourd&rsquo;hui cette usine b\u00e9n\u00e9ficie non seulement d&rsquo;une grande notori\u00e9t\u00e9 en Italie mais \u00e9galement en Europe, et dans de nombreux autres&#8230;<\/p>","protected":false},"author":2052,"featured_media":0,"parent":2705,"menu_order":7,"comment_status":"closed","ping_status":"closed","template":"","meta":{"_kad_post_transparent":"","_kad_post_title":"hide","_kad_post_layout":"fullwidth","_kad_post_sidebar_id":"","_kad_post_content_style":"unboxed","_kad_post_vertical_padding":"hide","_kad_post_feature":"hide","_kad_post_feature_position":"","_kad_post_header":false,"_kad_post_footer":false,"_kad_post_classname":"","footnotes":""},"class_list":["post-263","page","type-page","status-publish","hentry"],"_links":{"self":[{"href":"https:\/\/www.lilithparis.com\/en\/wp-json\/wp\/v2\/pages\/263","targetHints":{"allow":["GET"]}}],"collection":[{"href":"https:\/\/www.lilithparis.com\/en\/wp-json\/wp\/v2\/pages"}],"about":[{"href":"https:\/\/www.lilithparis.com\/en\/wp-json\/wp\/v2\/types\/page"}],"author":[{"embeddable":true,"href":"https:\/\/www.lilithparis.com\/en\/wp-json\/wp\/v2\/users\/2052"}],"replies":[{"embeddable":true,"href":"https:\/\/www.lilithparis.com\/en\/wp-json\/wp\/v2\/comments?post=263"}],"version-history":[{"count":0,"href":"https:\/\/www.lilithparis.com\/en\/wp-json\/wp\/v2\/pages\/263\/revisions"}],"up":[{"embeddable":true,"href":"https:\/\/www.lilithparis.com\/en\/wp-json\/wp\/v2\/pages\/2705"}],"wp:attachment":[{"href":"https:\/\/www.lilithparis.com\/en\/wp-json\/wp\/v2\/media?parent=263"}],"curies":[{"name":"wp","href":"https:\/\/api.w.org\/{rel}","templated":true}]}}