{"id":32849,"date":"2023-08-28T11:08:05","date_gmt":"2023-08-28T09:08:05","guid":{"rendered":"https:\/\/www.lilithparis.com\/?page_id=32849"},"modified":"2023-10-25T23:50:35","modified_gmt":"2023-10-25T21:50:35","slug":"vente-du-moment-2023","status":"publish","type":"page","link":"https:\/\/www.lilithparis.com\/en\/vente-du-moment-2023\/","title":{"rendered":"Arty 2023 Collection"},"content":{"rendered":"<div data-elementor-type=\"wp-page\" data-elementor-id=\"32849\" class=\"elementor elementor-32849\" data-elementor-post-type=\"page\">\n\t\t\t\t\t\t<section class=\"elementor-section elementor-top-section elementor-element elementor-element-59abf41 elementor-section-boxed elementor-section-height-default elementor-section-height-default\" data-id=\"59abf41\" data-element_type=\"section\" data-e-type=\"section\">\n\t\t\t\t\t\t<div class=\"elementor-container elementor-column-gap-default\">\n\t\t\t\t\t<div class=\"elementor-column elementor-col-100 elementor-top-column elementor-element elementor-element-255e503\" data-id=\"255e503\" data-element_type=\"column\" data-e-type=\"column\">\n\t\t\t<div class=\"elementor-widget-wrap elementor-element-populated\">\n\t\t\t\t\t\t<div class=\"elementor-element elementor-element-0c14c43 elementor-widget elementor-widget-heading\" data-id=\"0c14c43\" data-element_type=\"widget\" data-e-type=\"widget\" data-widget_type=\"heading.default\">\n\t\t\t\t<div class=\"elementor-widget-container\">\n\t\t\t\t\t<h2 class=\"elementor-heading-title elementor-size-default\">ARTY CAPSULE<\/h2>\t\t\t\t<\/div>\n\t\t\t\t<\/div>\n\t\t\t\t<div class=\"elementor-element elementor-element-282722e elementor-widget elementor-widget-text-editor\" data-id=\"282722e\" data-element_type=\"widget\" data-e-type=\"widget\" data-widget_type=\"text-editor.default\">\n\t\t\t\t<div class=\"elementor-widget-container\">\n\t\t\t\t\t\t\t\t\t<p>Pre-order from 31 August to 18 September<\/p>\t\t\t\t\t\t\t\t<\/div>\n\t\t\t\t<\/div>\n\t\t\t\t<div class=\"elementor-element elementor-element-7058704 elementor-widget elementor-widget-text-editor\" data-id=\"7058704\" data-element_type=\"widget\" data-e-type=\"widget\" data-widget_type=\"text-editor.default\">\n\t\t\t\t<div class=\"elementor-widget-container\">\n\t\t\t\t\t\t\t\t\t<p>Delivery end October<\/p>\t\t\t\t\t\t\t\t<\/div>\n\t\t\t\t<\/div>\n\t\t\t\t<div class=\"elementor-element elementor-element-cfbcbb0 elementor-widget elementor-widget-text-editor\" data-id=\"cfbcbb0\" data-element_type=\"widget\" data-e-type=\"widget\" data-widget_type=\"text-editor.default\">\n\t\t\t\t<div class=\"elementor-widget-container\">\n\t\t\t\t\t\t\t\t\t<p>Limited edition<\/p>\t\t\t\t\t\t\t\t<\/div>\n\t\t\t\t<\/div>\n\t\t\t\t<div class=\"elementor-element elementor-element-2b12525 elementor-widget elementor-widget-spacer\" data-id=\"2b12525\" data-element_type=\"widget\" data-e-type=\"widget\" data-widget_type=\"spacer.default\">\n\t\t\t\t<div class=\"elementor-widget-container\">\n\t\t\t\t\t\t\t<div class=\"elementor-spacer\">\n\t\t\t<div class=\"elementor-spacer-inner\"><\/div>\n\t\t<\/div>\n\t\t\t\t\t\t<\/div>\n\t\t\t\t<\/div>\n\t\t\t\t\t<\/div>\n\t\t<\/div>\n\t\t\t\t\t<\/div>\n\t\t<\/section>\n\t\t\t\t<section class=\"elementor-section elementor-top-section elementor-element elementor-element-cfd6780 elementor-section-boxed elementor-section-height-default elementor-section-height-default\" data-id=\"cfd6780\" data-element_type=\"section\" data-e-type=\"section\">\n\t\t\t\t\t\t<div class=\"elementor-container elementor-column-gap-default\">\n\t\t\t\t\t<div class=\"elementor-column elementor-col-50 elementor-top-column elementor-element elementor-element-456607a\" data-id=\"456607a\" data-element_type=\"column\" data-e-type=\"column\">\n\t\t\t<div class=\"elementor-widget-wrap elementor-element-populated\">\n\t\t\t\t\t\t<div class=\"elementor-element elementor-element-e8a3cc6 elementor-widget elementor-widget-image\" data-id=\"e8a3cc6\" data-element_type=\"widget\" data-e-type=\"widget\" data-widget_type=\"image.default\">\n\t\t\t\t<div class=\"elementor-widget-container\">\n\t\t\t\t\t\t\t\t\t\t\t\t\t\t\t\t<a href=\"https:\/\/www.lilithparis.com\/en\/shop\/yvette-2\/\">\n\t\t\t\t\t\t\t<img fetchpriority=\"high\" decoding=\"async\" width=\"400\" height=\"600\" src=\"https:\/\/www.lilithparis.com\/wp-content\/uploads\/2023\/08\/yvette-683x1024.jpg\" class=\"attachment-large size-large wp-image-33030\" alt=\"\" srcset=\"https:\/\/www.lilithparis.com\/wp-content\/uploads\/2023\/08\/yvette-683x1024.jpg 683w, https:\/\/www.lilithparis.com\/wp-content\/uploads\/2023\/08\/yvette-600x900.jpg 600w, https:\/\/www.lilithparis.com\/wp-content\/uploads\/2023\/08\/yvette-1200x1799.jpg 1200w, https:\/\/www.lilithparis.com\/wp-content\/uploads\/2023\/08\/yvette-200x300.jpg 200w, https:\/\/www.lilithparis.com\/wp-content\/uploads\/2023\/08\/yvette-768x1151.jpg 768w, https:\/\/www.lilithparis.com\/wp-content\/uploads\/2023\/08\/yvette-1024x1536.jpg 1024w, https:\/\/www.lilithparis.com\/wp-content\/uploads\/2023\/08\/yvette-1366x2048.jpg 1366w, https:\/\/www.lilithparis.com\/wp-content\/uploads\/2023\/08\/yvette-8x12.jpg 8w, https:\/\/www.lilithparis.com\/wp-content\/uploads\/2023\/08\/yvette.jpg 1458w\" sizes=\"(max-width: 400px) 100vw, 400px\" \/>\t\t\t\t\t\t\t\t<\/a>\n\t\t\t\t\t\t\t\t\t\t\t\t\t\t\t<\/div>\n\t\t\t\t<\/div>\n\t\t\t\t<div class=\"elementor-element elementor-element-d30e48f elementor-widget elementor-widget-heading\" data-id=\"d30e48f\" data-element_type=\"widget\" data-e-type=\"widget\" data-widget_type=\"heading.default\">\n\t\t\t\t<div class=\"elementor-widget-container\">\n\t\t\t\t\t<h4 class=\"elementor-heading-title elementor-size-default\">YVETTE<\/h4>\t\t\t\t<\/div>\n\t\t\t\t<\/div>\n\t\t\t\t<div class=\"elementor-element elementor-element-48a41c9 elementor-widget elementor-widget-text-editor\" data-id=\"48a41c9\" data-element_type=\"widget\" data-e-type=\"widget\" data-widget_type=\"text-editor.default\">\n\t\t\t\t<div class=\"elementor-widget-container\">\n\t\t\t\t\t\t\t\t\t<p>The jacket<\/p>\t\t\t\t\t\t\t\t<\/div>\n\t\t\t\t<\/div>\n\t\t\t\t\t<\/div>\n\t\t<\/div>\n\t\t\t\t<div class=\"elementor-column elementor-col-50 elementor-top-column elementor-element elementor-element-47f23fd\" data-id=\"47f23fd\" data-element_type=\"column\" data-e-type=\"column\">\n\t\t\t<div class=\"elementor-widget-wrap elementor-element-populated\">\n\t\t\t\t\t\t<div class=\"elementor-element elementor-element-ab1b3f0 elementor-widget elementor-widget-image\" data-id=\"ab1b3f0\" data-element_type=\"widget\" data-e-type=\"widget\" data-widget_type=\"image.default\">\n\t\t\t\t<div class=\"elementor-widget-container\">\n\t\t\t\t\t\t\t\t\t\t\t\t\t\t\t\t<a href=\"https:\/\/www.lilithparis.com\/en\/shop\/yakari-2\/\">\n\t\t\t\t\t\t\t<img decoding=\"async\" src=\"https:\/\/www.lilithparis.com\/wp-content\/uploads\/2023\/08\/8C2A5202-scaled.jpg\" title=\"\" alt=\"\" loading=\"lazy\" \/>\t\t\t\t\t\t\t\t<\/a>\n\t\t\t\t\t\t\t\t\t\t\t\t\t\t\t<\/div>\n\t\t\t\t<\/div>\n\t\t\t\t<div class=\"elementor-element elementor-element-8263ac0 elementor-widget elementor-widget-heading\" data-id=\"8263ac0\" data-element_type=\"widget\" data-e-type=\"widget\" data-widget_type=\"heading.default\">\n\t\t\t\t<div class=\"elementor-widget-container\">\n\t\t\t\t\t<h4 class=\"elementor-heading-title elementor-size-default\">YAKARI<\/h4>\t\t\t\t<\/div>\n\t\t\t\t<\/div>\n\t\t\t\t<div class=\"elementor-element elementor-element-941fb51 elementor-widget elementor-widget-text-editor\" data-id=\"941fb51\" data-element_type=\"widget\" data-e-type=\"widget\" data-widget_type=\"text-editor.default\">\n\t\t\t\t<div class=\"elementor-widget-container\">\n\t\t\t\t\t\t\t\t\t<p>The trousers<\/p>\t\t\t\t\t\t\t\t<\/div>\n\t\t\t\t<\/div>\n\t\t\t\t\t<\/div>\n\t\t<\/div>\n\t\t\t\t\t<\/div>\n\t\t<\/section>\n\t\t\t\t<section class=\"elementor-section elementor-top-section elementor-element elementor-element-2716357 elementor-section-boxed elementor-section-height-default elementor-section-height-default\" data-id=\"2716357\" data-element_type=\"section\" data-e-type=\"section\">\n\t\t\t\t\t\t<div class=\"elementor-container elementor-column-gap-default\">\n\t\t\t\t\t<div class=\"elementor-column elementor-col-50 elementor-top-column elementor-element elementor-element-a352307\" data-id=\"a352307\" data-element_type=\"column\" data-e-type=\"column\">\n\t\t\t<div class=\"elementor-widget-wrap elementor-element-populated\">\n\t\t\t\t\t\t<div class=\"elementor-element elementor-element-450c7ba elementor-widget elementor-widget-image\" data-id=\"450c7ba\" data-element_type=\"widget\" data-e-type=\"widget\" data-widget_type=\"image.default\">\n\t\t\t\t<div class=\"elementor-widget-container\">\n\t\t\t\t\t\t\t\t\t\t\t\t\t\t\t\t<a href=\"https:\/\/www.lilithparis.com\/en\/shop\/yuna-arty\/\">\n\t\t\t\t\t\t\t<img decoding=\"async\" src=\"https:\/\/www.lilithparis.com\/wp-content\/uploads\/2023\/08\/8C2A5751.jpg\" title=\"\" alt=\"\" loading=\"lazy\" \/>\t\t\t\t\t\t\t\t<\/a>\n\t\t\t\t\t\t\t\t\t\t\t\t\t\t\t<\/div>\n\t\t\t\t<\/div>\n\t\t\t\t<div class=\"elementor-element elementor-element-d97bb62 elementor-widget elementor-widget-heading\" data-id=\"d97bb62\" data-element_type=\"widget\" data-e-type=\"widget\" data-widget_type=\"heading.default\">\n\t\t\t\t<div class=\"elementor-widget-container\">\n\t\t\t\t\t<h4 class=\"elementor-heading-title elementor-size-default\">YUNA<\/h4>\t\t\t\t<\/div>\n\t\t\t\t<\/div>\n\t\t\t\t<div class=\"elementor-element elementor-element-fb72c73 elementor-widget elementor-widget-text-editor\" data-id=\"fb72c73\" data-element_type=\"widget\" data-e-type=\"widget\" data-widget_type=\"text-editor.default\">\n\t\t\t\t<div class=\"elementor-widget-container\">\n\t\t\t\t\t\t\t\t\t<p>The jumper<\/p>\t\t\t\t\t\t\t\t<\/div>\n\t\t\t\t<\/div>\n\t\t\t\t\t<\/div>\n\t\t<\/div>\n\t\t\t\t<div class=\"elementor-column elementor-col-50 elementor-top-column elementor-element elementor-element-7e2190a\" data-id=\"7e2190a\" data-element_type=\"column\" data-e-type=\"column\">\n\t\t\t<div class=\"elementor-widget-wrap elementor-element-populated\">\n\t\t\t\t\t\t<div class=\"elementor-element elementor-element-9046a71 elementor-widget elementor-widget-image\" data-id=\"9046a71\" data-element_type=\"widget\" data-e-type=\"widget\" data-widget_type=\"image.default\">\n\t\t\t\t<div class=\"elementor-widget-container\">\n\t\t\t\t\t\t\t\t\t\t\t\t\t\t\t\t<a href=\"https:\/\/www.lilithparis.com\/en\/shop\/yves-2023\/\">\n\t\t\t\t\t\t\t<img decoding=\"async\" src=\"https:\/\/www.lilithparis.com\/wp-content\/uploads\/2023\/08\/8C2A5490-scaled.jpg\" title=\"\" alt=\"\" loading=\"lazy\" \/>\t\t\t\t\t\t\t\t<\/a>\n\t\t\t\t\t\t\t\t\t\t\t\t\t\t\t<\/div>\n\t\t\t\t<\/div>\n\t\t\t\t<div class=\"elementor-element elementor-element-5aae039 elementor-widget elementor-widget-heading\" data-id=\"5aae039\" data-element_type=\"widget\" data-e-type=\"widget\" data-widget_type=\"heading.default\">\n\t\t\t\t<div class=\"elementor-widget-container\">\n\t\t\t\t\t<h4 class=\"elementor-heading-title elementor-size-default\">YVES<\/h4>\t\t\t\t<\/div>\n\t\t\t\t<\/div>\n\t\t\t\t<div class=\"elementor-element elementor-element-6886cab elementor-widget elementor-widget-text-editor\" data-id=\"6886cab\" data-element_type=\"widget\" data-e-type=\"widget\" data-widget_type=\"text-editor.default\">\n\t\t\t\t<div class=\"elementor-widget-container\">\n\t\t\t\t\t\t\t\t\t<p>The waistcoat<\/p>\t\t\t\t\t\t\t\t<\/div>\n\t\t\t\t<\/div>\n\t\t\t\t\t<\/div>\n\t\t<\/div>\n\t\t\t\t\t<\/div>\n\t\t<\/section>\n\t\t\t\t<section class=\"elementor-section elementor-top-section elementor-element elementor-element-f23f907 elementor-section-boxed elementor-section-height-default elementor-section-height-default\" data-id=\"f23f907\" data-element_type=\"section\" data-e-type=\"section\">\n\t\t\t\t\t\t<div class=\"elementor-container elementor-column-gap-default\">\n\t\t\t\t\t<div class=\"elementor-column elementor-col-100 elementor-top-column elementor-element elementor-element-ad04839\" data-id=\"ad04839\" data-element_type=\"column\" data-e-type=\"column\">\n\t\t\t<div class=\"elementor-widget-wrap elementor-element-populated\">\n\t\t\t\t\t\t<div class=\"elementor-element elementor-element-e6bf5da elementor-widget elementor-widget-spacer\" data-id=\"e6bf5da\" data-element_type=\"widget\" data-e-type=\"widget\" data-widget_type=\"spacer.default\">\n\t\t\t\t<div class=\"elementor-widget-container\">\n\t\t\t\t\t\t\t<div class=\"elementor-spacer\">\n\t\t\t<div class=\"elementor-spacer-inner\"><\/div>\n\t\t<\/div>\n\t\t\t\t\t\t<\/div>\n\t\t\t\t<\/div>\n\t\t\t\t\t<\/div>\n\t\t<\/div>\n\t\t\t\t\t<\/div>\n\t\t<\/section>\n\t\t\t\t<\/div>","protected":false},"excerpt":{"rendered":"<p>[:fr] CAPSULE ARTY En pr\u00e9commande du 31 aout au 18 septembre Livraison fin Octobre S\u00e9rie limit\u00e9e YVETTE La veste YAKARI Le pantalon YUNA Le pull YVES Le gilet [:en] CAPSULE ARTY En pr\u00e9commande du 31 aout au 18 septembre Livraison fin Octobre S\u00e9rie limit\u00e9e YVETTE La veste YAKARI Le pantalon YUNA Le pull YVES Le [&hellip;]<\/p>\n","protected":false},"author":2078,"featured_media":0,"parent":0,"menu_order":32,"comment_status":"closed","ping_status":"closed","template":"","meta":{"footnotes":""},"class_list":["post-32849","page","type-page","status-publish","hentry"],"_links":{"self":[{"href":"https:\/\/www.lilithparis.com\/en\/wp-json\/wp\/v2\/pages\/32849","targetHints":{"allow":["GET"]}}],"collection":[{"href":"https:\/\/www.lilithparis.com\/en\/wp-json\/wp\/v2\/pages"}],"about":[{"href":"https:\/\/www.lilithparis.com\/en\/wp-json\/wp\/v2\/types\/page"}],"author":[{"embeddable":true,"href":"https:\/\/www.lilithparis.com\/en\/wp-json\/wp\/v2\/users\/2078"}],"replies":[{"embeddable":true,"href":"https:\/\/www.lilithparis.com\/en\/wp-json\/wp\/v2\/comments?post=32849"}],"version-history":[{"count":0,"href":"https:\/\/www.lilithparis.com\/en\/wp-json\/wp\/v2\/pages\/32849\/revisions"}],"wp:attachment":[{"href":"https:\/\/www.lilithparis.com\/en\/wp-json\/wp\/v2\/media?parent=32849"}],"curies":[{"name":"wp","href":"https:\/\/api.w.org\/{rel}","templated":true}]}}