{"id":4310,"date":"2020-09-25T11:29:01","date_gmt":"2020-09-25T09:29:01","guid":{"rendered":"https:\/\/www.lilithparis.com\/?page_id=4310"},"modified":"2025-10-29T12:25:57","modified_gmt":"2025-10-29T11:25:57","slug":"latelier-de-trame-tunisien","status":"publish","type":"page","link":"https:\/\/www.lilithparis.com\/en\/ateliers\/atelier-tunisien\/","title":{"rendered":"Tunisian warp and weft workshop"},"content":{"rendered":"\t\t<div data-elementor-type=\"wp-page\" data-elementor-id=\"4310\" class=\"elementor elementor-4310\" data-elementor-post-type=\"page\">\n\t\t\t\t\t\t<section class=\"elementor-section elementor-top-section elementor-element elementor-element-b37be9b elementor-section-boxed elementor-section-height-default elementor-section-height-default\" data-id=\"b37be9b\" data-element_type=\"section\" data-e-type=\"section\">\n\t\t\t\t\t\t<div class=\"elementor-container elementor-column-gap-default\">\n\t\t\t\t\t<div class=\"elementor-column elementor-col-100 elementor-top-column elementor-element elementor-element-804c4d2\" data-id=\"804c4d2\" data-element_type=\"column\" data-e-type=\"column\">\n\t\t\t<div class=\"elementor-widget-wrap elementor-element-populated\">\n\t\t\t\t\t\t<div class=\"elementor-element elementor-element-0692df4 elementor-widget elementor-widget-spacer\" data-id=\"0692df4\" data-element_type=\"widget\" data-e-type=\"widget\" data-widget_type=\"spacer.default\">\n\t\t\t\t<div class=\"elementor-widget-container\">\n\t\t\t\t\t\t\t<div class=\"elementor-spacer\">\n\t\t\t<div class=\"elementor-spacer-inner\"><\/div>\n\t\t<\/div>\n\t\t\t\t\t\t<\/div>\n\t\t\t\t<\/div>\n\t\t\t\t\t<\/div>\n\t\t<\/div>\n\t\t\t\t\t<\/div>\n\t\t<\/section>\n\t\t\t\t<section class=\"elementor-section elementor-top-section elementor-element elementor-element-0b34dcf elementor-section-boxed elementor-section-height-default elementor-section-height-default\" data-id=\"0b34dcf\" data-element_type=\"section\" data-e-type=\"section\">\n\t\t\t\t\t\t<div class=\"elementor-container elementor-column-gap-default\">\n\t\t\t\t\t<div class=\"elementor-column elementor-col-100 elementor-top-column elementor-element elementor-element-5146276\" data-id=\"5146276\" data-element_type=\"column\" data-e-type=\"column\">\n\t\t\t<div class=\"elementor-widget-wrap elementor-element-populated\">\n\t\t\t\t\t\t<div class=\"elementor-element elementor-element-4b2abdd elementor-widget elementor-widget-image\" data-id=\"4b2abdd\" data-element_type=\"widget\" data-e-type=\"widget\" data-widget_type=\"image.default\">\n\t\t\t\t<div class=\"elementor-widget-container\">\n\t\t\t\t\t\t\t\t\t\t\t\t\t\t\t<img fetchpriority=\"high\" decoding=\"async\" width=\"2196\" height=\"618\" src=\"https:\/\/www.lilithparis.com\/wp-content\/uploads\/2025\/10\/atelier-tunisien-banner.webp\" class=\"attachment-full size-full wp-image-50875\" alt=\"\" srcset=\"https:\/\/www.lilithparis.com\/wp-content\/uploads\/2025\/10\/atelier-tunisien-banner.webp 2196w, https:\/\/www.lilithparis.com\/wp-content\/uploads\/2025\/10\/atelier-tunisien-banner-600x169.webp 600w, https:\/\/www.lilithparis.com\/wp-content\/uploads\/2025\/10\/atelier-tunisien-banner-1200x338.webp 1200w, https:\/\/www.lilithparis.com\/wp-content\/uploads\/2025\/10\/atelier-tunisien-banner-300x84.webp 300w, https:\/\/www.lilithparis.com\/wp-content\/uploads\/2025\/10\/atelier-tunisien-banner-1024x288.webp 1024w, https:\/\/www.lilithparis.com\/wp-content\/uploads\/2025\/10\/atelier-tunisien-banner-768x216.webp 768w, https:\/\/www.lilithparis.com\/wp-content\/uploads\/2025\/10\/atelier-tunisien-banner-1536x432.webp 1536w, https:\/\/www.lilithparis.com\/wp-content\/uploads\/2025\/10\/atelier-tunisien-banner-2048x576.webp 2048w, https:\/\/www.lilithparis.com\/wp-content\/uploads\/2025\/10\/atelier-tunisien-banner-18x5.webp 18w\" sizes=\"(max-width: 2196px) 100vw, 2196px\" \/>\t\t\t\t\t\t\t\t\t\t\t\t\t\t\t<\/div>\n\t\t\t\t<\/div>\n\t\t\t\t<div class=\"elementor-element elementor-element-3e5fb07 elementor-widget elementor-widget-image\" data-id=\"3e5fb07\" data-element_type=\"widget\" data-e-type=\"widget\" data-widget_type=\"image.default\">\n\t\t\t\t<div class=\"elementor-widget-container\">\n\t\t\t\t\t\t\t\t\t\t\t\t\t\t\t<img decoding=\"async\" width=\"2190\" height=\"718\" src=\"https:\/\/www.lilithparis.com\/wp-content\/uploads\/2025\/10\/atelier-tunisien-3_11zon.webp\" class=\"attachment-full size-full wp-image-50874\" alt=\"\" srcset=\"https:\/\/www.lilithparis.com\/wp-content\/uploads\/2025\/10\/atelier-tunisien-3_11zon.webp 2190w, https:\/\/www.lilithparis.com\/wp-content\/uploads\/2025\/10\/atelier-tunisien-3_11zon-600x197.webp 600w, https:\/\/www.lilithparis.com\/wp-content\/uploads\/2025\/10\/atelier-tunisien-3_11zon-1200x393.webp 1200w, https:\/\/www.lilithparis.com\/wp-content\/uploads\/2025\/10\/atelier-tunisien-3_11zon-300x98.webp 300w, https:\/\/www.lilithparis.com\/wp-content\/uploads\/2025\/10\/atelier-tunisien-3_11zon-1024x336.webp 1024w, https:\/\/www.lilithparis.com\/wp-content\/uploads\/2025\/10\/atelier-tunisien-3_11zon-768x252.webp 768w, https:\/\/www.lilithparis.com\/wp-content\/uploads\/2025\/10\/atelier-tunisien-3_11zon-1536x504.webp 1536w, https:\/\/www.lilithparis.com\/wp-content\/uploads\/2025\/10\/atelier-tunisien-3_11zon-2048x671.webp 2048w, https:\/\/www.lilithparis.com\/wp-content\/uploads\/2025\/10\/atelier-tunisien-3_11zon-18x6.webp 18w\" sizes=\"(max-width: 2190px) 100vw, 2190px\" \/>\t\t\t\t\t\t\t\t\t\t\t\t\t\t\t<\/div>\n\t\t\t\t<\/div>\n\t\t\t\t\t<\/div>\n\t\t<\/div>\n\t\t\t\t\t<\/div>\n\t\t<\/section>\n\t\t\t\t<section class=\"elementor-section elementor-top-section elementor-element elementor-element-b3c7039 elementor-section-boxed elementor-section-height-default elementor-section-height-default\" data-id=\"b3c7039\" data-element_type=\"section\" data-e-type=\"section\">\n\t\t\t\t\t\t<div class=\"elementor-container elementor-column-gap-default\">\n\t\t\t\t\t<div class=\"elementor-column elementor-col-100 elementor-top-column elementor-element elementor-element-c88c9d5\" data-id=\"c88c9d5\" data-element_type=\"column\" data-e-type=\"column\">\n\t\t\t<div class=\"elementor-widget-wrap elementor-element-populated\">\n\t\t\t\t\t\t<div class=\"elementor-element elementor-element-0a5d8ee elementor-widget-divider--view-line elementor-widget elementor-widget-divider\" data-id=\"0a5d8ee\" data-element_type=\"widget\" data-e-type=\"widget\" data-widget_type=\"divider.default\">\n\t\t\t\t<div class=\"elementor-widget-container\">\n\t\t\t\t\t\t\t<div class=\"elementor-divider\">\n\t\t\t<span class=\"elementor-divider-separator\">\n\t\t\t\t\t\t<\/span>\n\t\t<\/div>\n\t\t\t\t\t\t<\/div>\n\t\t\t\t<\/div>\n\t\t\t\t<div class=\"elementor-element elementor-element-5512352 elementor-widget elementor-widget-spacer\" data-id=\"5512352\" data-element_type=\"widget\" data-e-type=\"widget\" data-widget_type=\"spacer.default\">\n\t\t\t\t<div class=\"elementor-widget-container\">\n\t\t\t\t\t\t\t<div class=\"elementor-spacer\">\n\t\t\t<div class=\"elementor-spacer-inner\"><\/div>\n\t\t<\/div>\n\t\t\t\t\t\t<\/div>\n\t\t\t\t<\/div>\n\t\t\t\t<div class=\"elementor-element elementor-element-f0ae675 elementor-widget elementor-widget-heading\" data-id=\"f0ae675\" data-element_type=\"widget\" data-e-type=\"widget\" data-widget_type=\"heading.default\">\n\t\t\t\t<div class=\"elementor-widget-container\">\n\t\t\t\t\t<h2 class=\"elementor-heading-title elementor-size-default\">Notre atelier en Tunisie<\/h2>\t\t\t\t<\/div>\n\t\t\t\t<\/div>\n\t\t\t\t\t<\/div>\n\t\t<\/div>\n\t\t\t\t\t<\/div>\n\t\t<\/section>\n\t\t\t\t<section class=\"elementor-section elementor-top-section elementor-element elementor-element-951b64c elementor-section-boxed elementor-section-height-default elementor-section-height-default\" data-id=\"951b64c\" data-element_type=\"section\" data-e-type=\"section\">\n\t\t\t\t\t\t<div class=\"elementor-container elementor-column-gap-default\">\n\t\t\t\t\t<div class=\"elementor-column elementor-col-50 elementor-top-column elementor-element elementor-element-ac3a2e0\" data-id=\"ac3a2e0\" data-element_type=\"column\" data-e-type=\"column\">\n\t\t\t<div class=\"elementor-widget-wrap elementor-element-populated\">\n\t\t\t\t\t\t<div class=\"elementor-element elementor-element-623d8ab elementor-widget elementor-widget-toggle\" data-id=\"623d8ab\" data-element_type=\"widget\" data-e-type=\"widget\" data-widget_type=\"toggle.default\">\n\t\t\t\t<div class=\"elementor-widget-container\">\n\t\t\t\t\t\t\t<div class=\"elementor-toggle\">\n\t\t\t\t\t\t\t<div class=\"elementor-toggle-item\">\n\t\t\t\t\t<div id=\"elementor-tab-title-1031\" class=\"elementor-tab-title\" data-tab=\"1\" role=\"button\" aria-controls=\"elementor-tab-content-1031\" aria-expanded=\"false\">\n\t\t\t\t\t\t\t\t\t\t\t\t<span class=\"elementor-toggle-icon elementor-toggle-icon-left\" aria-hidden=\"true\">\n\t\t\t\t\t\t\t\t\t\t\t\t\t\t\t<span class=\"elementor-toggle-icon-closed\"><i class=\"fas fa-caret-right\"><\/i><\/span>\n\t\t\t\t\t\t\t\t<span class=\"elementor-toggle-icon-opened\"><i class=\"elementor-toggle-icon-opened fas fa-caret-up\"><\/i><\/span>\n\t\t\t\t\t\t\t\t\t\t\t\t\t<\/span>\n\t\t\t\t\t\t\t\t\t\t\t\t<a class=\"elementor-toggle-title\" tabindex=\"0\">Une aventure humaine<\/a>\n\t\t\t\t\t<\/div>\n\n\t\t\t\t\t<div id=\"elementor-tab-content-1031\" class=\"elementor-tab-content elementor-clearfix\" data-tab=\"1\" role=\"region\" aria-labelledby=\"elementor-tab-title-1031\"><p class=\"p1\">Quand nous avons d\u00e9but\u00e9 nos recherches d&rsquo;un partenaire de fabrication cha\u00eene et trame, il nous a sembl\u00e9 \u00e9vident de se tourner vers le contact privil\u00e9gi\u00e9 d&rsquo;\u00c9ric. St\u00e9phane Chomarat, dirigeant d&rsquo;une unit\u00e9 de fabrication en Tunisie, avec qui \u00c9ric entretient une relation amicale et professionnelle de longue date a d\u00e9cid\u00e9 d&rsquo;accompagner lilith dans sa relance, en acceptant la production de nos capsules.<\/p><\/div>\n\t\t\t\t<\/div>\n\t\t\t\t\t\t\t<div class=\"elementor-toggle-item\">\n\t\t\t\t\t<div id=\"elementor-tab-title-1032\" class=\"elementor-tab-title\" data-tab=\"2\" role=\"button\" aria-controls=\"elementor-tab-content-1032\" aria-expanded=\"false\">\n\t\t\t\t\t\t\t\t\t\t\t\t<span class=\"elementor-toggle-icon elementor-toggle-icon-left\" aria-hidden=\"true\">\n\t\t\t\t\t\t\t\t\t\t\t\t\t\t\t<span class=\"elementor-toggle-icon-closed\"><i class=\"fas fa-caret-right\"><\/i><\/span>\n\t\t\t\t\t\t\t\t<span class=\"elementor-toggle-icon-opened\"><i class=\"elementor-toggle-icon-opened fas fa-caret-up\"><\/i><\/span>\n\t\t\t\t\t\t\t\t\t\t\t\t\t<\/span>\n\t\t\t\t\t\t\t\t\t\t\t\t<a class=\"elementor-toggle-title\" tabindex=\"0\">40 ans d'exp\u00e9rience dans la production<\/a>\n\t\t\t\t\t<\/div>\n\n\t\t\t\t\t<div id=\"elementor-tab-content-1032\" class=\"elementor-tab-content elementor-clearfix\" data-tab=\"2\" role=\"region\" aria-labelledby=\"elementor-tab-title-1032\"><p class=\"p1\">Fort d&rsquo;une exp\u00e9rience de 40 ans dans la production en Tunisie, notre partenaire fran\u00e7ais nous offre la possibilit\u00e9 de b\u00e9n\u00e9ficier de son savoir-faire dans le pr\u00eat-\u00e0-porter haut de gamme.<\/p><\/div>\n\t\t\t\t<\/div>\n\t\t\t\t\t\t\t<div class=\"elementor-toggle-item\">\n\t\t\t\t\t<div id=\"elementor-tab-title-1033\" class=\"elementor-tab-title\" data-tab=\"3\" role=\"button\" aria-controls=\"elementor-tab-content-1033\" aria-expanded=\"false\">\n\t\t\t\t\t\t\t\t\t\t\t\t<span class=\"elementor-toggle-icon elementor-toggle-icon-left\" aria-hidden=\"true\">\n\t\t\t\t\t\t\t\t\t\t\t\t\t\t\t<span class=\"elementor-toggle-icon-closed\"><i class=\"fas fa-caret-right\"><\/i><\/span>\n\t\t\t\t\t\t\t\t<span class=\"elementor-toggle-icon-opened\"><i class=\"elementor-toggle-icon-opened fas fa-caret-up\"><\/i><\/span>\n\t\t\t\t\t\t\t\t\t\t\t\t\t<\/span>\n\t\t\t\t\t\t\t\t\t\t\t\t<a class=\"elementor-toggle-title\" tabindex=\"0\">Un partenaire privil\u00e9gi\u00e9<\/a>\n\t\t\t\t\t<\/div>\n\n\t\t\t\t\t<div id=\"elementor-tab-content-1033\" class=\"elementor-tab-content elementor-clearfix\" data-tab=\"3\" role=\"region\" aria-labelledby=\"elementor-tab-title-1033\"><p class=\"p1\">En basant ses relations sur la qualit\u00e9, la r\u00e9activit\u00e9 et la proximit\u00e9, notre partenaire est devenu l&rsquo;interlocuteur privil\u00e9gi\u00e9 de grandes marques de pr\u00eat-\u00e0-porter fran\u00e7aises.<\/p><\/div>\n\t\t\t\t<\/div>\n\t\t\t\t\t\t\t\t<\/div>\n\t\t\t\t\t\t<\/div>\n\t\t\t\t<\/div>\n\t\t\t\t\t<\/div>\n\t\t<\/div>\n\t\t\t\t<div class=\"elementor-column elementor-col-50 elementor-top-column elementor-element elementor-element-6bf3094\" data-id=\"6bf3094\" data-element_type=\"column\" data-e-type=\"column\" data-settings=\"{&quot;background_background&quot;:&quot;slideshow&quot;,&quot;background_slideshow_gallery&quot;:[{&quot;id&quot;:50890,&quot;url&quot;:&quot;https:\\\/\\\/www.lilithparis.com\\\/wp-content\\\/uploads\\\/2025\\\/10\\\/Capture-decran-2025-10-29-a-11.54.32.webp&quot;},{&quot;id&quot;:50891,&quot;url&quot;:&quot;https:\\\/\\\/www.lilithparis.com\\\/wp-content\\\/uploads\\\/2025\\\/10\\\/Capture-decran-2025-10-29-a-11.54.38.webp&quot;},{&quot;id&quot;:50892,&quot;url&quot;:&quot;https:\\\/\\\/www.lilithparis.com\\\/wp-content\\\/uploads\\\/2025\\\/10\\\/Capture-decran-2025-10-29-a-11.54.44.webp&quot;},{&quot;id&quot;:50893,&quot;url&quot;:&quot;https:\\\/\\\/www.lilithparis.com\\\/wp-content\\\/uploads\\\/2025\\\/10\\\/Capture-decran-2025-10-29-a-11.54.51.webp&quot;},{&quot;id&quot;:50894,&quot;url&quot;:&quot;https:\\\/\\\/www.lilithparis.com\\\/wp-content\\\/uploads\\\/2025\\\/10\\\/Capture-decran-2025-10-29-a-11.54.58.webp&quot;},{&quot;id&quot;:50895,&quot;url&quot;:&quot;https:\\\/\\\/www.lilithparis.com\\\/wp-content\\\/uploads\\\/2025\\\/10\\\/Capture-decran-2025-10-29-a-11.55.05.webp&quot;},{&quot;id&quot;:50896,&quot;url&quot;:&quot;https:\\\/\\\/www.lilithparis.com\\\/wp-content\\\/uploads\\\/2025\\\/10\\\/Capture-decran-2025-10-29-a-11.55.10.webp&quot;},{&quot;id&quot;:50898,&quot;url&quot;:&quot;https:\\\/\\\/www.lilithparis.com\\\/wp-content\\\/uploads\\\/2025\\\/10\\\/Capture-decran-2025-10-29-a-11.55.27.webp&quot;},{&quot;id&quot;:50899,&quot;url&quot;:&quot;https:\\\/\\\/www.lilithparis.com\\\/wp-content\\\/uploads\\\/2025\\\/10\\\/Capture-decran-2025-10-29-a-11.55.35.webp&quot;},{&quot;id&quot;:50900,&quot;url&quot;:&quot;https:\\\/\\\/www.lilithparis.com\\\/wp-content\\\/uploads\\\/2025\\\/10\\\/Capture-decran-2025-10-29-a-11.55.45.webp&quot;}],&quot;background_slideshow_loop&quot;:&quot;yes&quot;,&quot;background_slideshow_slide_duration&quot;:5000,&quot;background_slideshow_slide_transition&quot;:&quot;fade&quot;,&quot;background_slideshow_transition_duration&quot;:500}\">\n\t\t\t<div class=\"elementor-widget-wrap elementor-element-populated\">\n\t\t\t\t\t\t<div class=\"elementor-element elementor-element-344604b elementor-widget elementor-widget-spacer\" data-id=\"344604b\" data-element_type=\"widget\" data-e-type=\"widget\" data-widget_type=\"spacer.default\">\n\t\t\t\t<div class=\"elementor-widget-container\">\n\t\t\t\t\t\t\t<div class=\"elementor-spacer\">\n\t\t\t<div class=\"elementor-spacer-inner\"><\/div>\n\t\t<\/div>\n\t\t\t\t\t\t<\/div>\n\t\t\t\t<\/div>\n\t\t\t\t\t<\/div>\n\t\t<\/div>\n\t\t\t\t\t<\/div>\n\t\t<\/section>\n\t\t\t\t<\/div>\n\t\t","protected":false},"excerpt":{"rendered":"<p>Our workshop in Tunisia A human adventure When we began our search for a warp and weft manufacturing partner, it seemed obvious to us to turn to \u00c9ric's privileged contact. St\u00e9phane Chomarat, manager of a manufacturing unit in Tunisia, with whom \u00c9ric has had a long-standing friendly and professional relationship, was the first person we...<\/p>","protected":false},"author":2052,"featured_media":0,"parent":2705,"menu_order":9,"comment_status":"closed","ping_status":"closed","template":"","meta":{"_kad_post_transparent":"","_kad_post_title":"hide","_kad_post_layout":"fullwidth","_kad_post_sidebar_id":"","_kad_post_content_style":"unboxed","_kad_post_vertical_padding":"hide","_kad_post_feature":"hide","_kad_post_feature_position":"","_kad_post_header":false,"_kad_post_footer":false,"_kad_post_classname":"","footnotes":""},"class_list":["post-4310","page","type-page","status-publish","hentry"],"_links":{"self":[{"href":"https:\/\/www.lilithparis.com\/en\/wp-json\/wp\/v2\/pages\/4310","targetHints":{"allow":["GET"]}}],"collection":[{"href":"https:\/\/www.lilithparis.com\/en\/wp-json\/wp\/v2\/pages"}],"about":[{"href":"https:\/\/www.lilithparis.com\/en\/wp-json\/wp\/v2\/types\/page"}],"author":[{"embeddable":true,"href":"https:\/\/www.lilithparis.com\/en\/wp-json\/wp\/v2\/users\/2052"}],"replies":[{"embeddable":true,"href":"https:\/\/www.lilithparis.com\/en\/wp-json\/wp\/v2\/comments?post=4310"}],"version-history":[{"count":0,"href":"https:\/\/www.lilithparis.com\/en\/wp-json\/wp\/v2\/pages\/4310\/revisions"}],"up":[{"embeddable":true,"href":"https:\/\/www.lilithparis.com\/en\/wp-json\/wp\/v2\/pages\/2705"}],"wp:attachment":[{"href":"https:\/\/www.lilithparis.com\/en\/wp-json\/wp\/v2\/media?parent=4310"}],"curies":[{"name":"wp","href":"https:\/\/api.w.org\/{rel}","templated":true}]}}