{"id":26741,"date":"2023-02-04T10:20:31","date_gmt":"2023-02-04T09:20:31","guid":{"rendered":"https:\/\/www.lilithparis.com\/?post_type=product&#038;p=26741"},"modified":"2026-04-14T14:24:01","modified_gmt":"2026-04-14T12:24:01","slug":"ursula","status":"publish","type":"product","link":"https:\/\/www.lilithparis.com\/en\/shop\/ursula\/","title":{"rendered":"Ursula"},"content":{"rendered":"<p>[:fr]<\/p>\n<ul>\n<li>100% coton merceris\u00e9<\/li>\n<li>Fil italien<\/li>\n<li>Pull uni encolure d\u00e9gag\u00e9e col V devant et dos<\/li>\n<li>Aspect l\u00e9g\u00e8rement satin\u00e9<\/li>\n<li>Forme ample<\/li>\n<li>D\u00e9tails de diminution devant\/dos<\/li>\n<li>Fabriqu\u00e9 en Italie<\/li>\n<\/ul>\n<p>[:en]<\/p>\n<ul>\n<li>100% mercerised cotton<\/li>\n<li>Italian yarn<\/li>\n<li>Plain jumper with scoop neckline in front and back<\/li>\n<li>Slightly satin look<\/li>\n<li>Loose fit<\/li>\n<li>Decrease details in front and back<\/li>\n<li>Made in Italy<\/li>\n<\/ul>\n<p>[:]<\/p>\n","protected":false},"excerpt":{"rendered":"<p>[:fr]Le pull uni[:en]The plain pullover[:]<\/p>\n","protected":false},"featured_media":26989,"template":"","meta":{"_kad_post_transparent":"default","_kad_post_title":"","_kad_post_layout":"default","_kad_post_sidebar_id":"","_kad_post_content_style":"default","_kad_post_vertical_padding":"default","_kad_post_feature":"","_kad_post_feature_position":"","_kad_post_header":false,"_kad_post_footer":false,"_kad_post_classname":""},"product_brand":[],"product_cat":[397,230],"product_tag":[],"class_list":{"0":"post-26741","1":"product","2":"type-product","3":"status-publish","4":"has-post-thumbnail","6":"product_cat-capsule-conte-dete","7":"product_cat-maille","8":"pa_col-c111","9":"pa_sizer-t1","10":"pa_sizer-t2","11":"pa_sizer-t3","13":"first","14":"outofstock","15":"taxable","16":"shipping-taxable","17":"product-type-variable","18":"has-default-attributes","19":"entry","20":"content-bg","21":"loop-entry"},"_links":{"self":[{"href":"https:\/\/www.lilithparis.com\/en\/wp-json\/wp\/v2\/product\/26741","targetHints":{"allow":["GET"]}}],"collection":[{"href":"https:\/\/www.lilithparis.com\/en\/wp-json\/wp\/v2\/product"}],"about":[{"href":"https:\/\/www.lilithparis.com\/en\/wp-json\/wp\/v2\/types\/product"}],"wp:featuredmedia":[{"embeddable":true,"href":"https:\/\/www.lilithparis.com\/en\/wp-json\/wp\/v2\/media\/26989"}],"wp:attachment":[{"href":"https:\/\/www.lilithparis.com\/en\/wp-json\/wp\/v2\/media?parent=26741"}],"wp:term":[{"taxonomy":"product_brand","embeddable":true,"href":"https:\/\/www.lilithparis.com\/en\/wp-json\/wp\/v2\/product_brand?post=26741"},{"taxonomy":"product_cat","embeddable":true,"href":"https:\/\/www.lilithparis.com\/en\/wp-json\/wp\/v2\/product_cat?post=26741"},{"taxonomy":"product_tag","embeddable":true,"href":"https:\/\/www.lilithparis.com\/en\/wp-json\/wp\/v2\/product_tag?post=26741"}],"curies":[{"name":"wp","href":"https:\/\/api.w.org\/{rel}","templated":true}]}}