{"id":47886,"date":"2025-05-31T23:47:13","date_gmt":"2025-05-31T21:47:13","guid":{"rendered":"https:\/\/www.lilithparis.com\/?post_type=product&#038;p=47886"},"modified":"2026-02-20T18:41:59","modified_gmt":"2026-02-20T17:41:59","slug":"dixie-black-cardigan","status":"publish","type":"product","link":"https:\/\/www.lilithparis.com\/en\/shop\/gilet-dixie-noir\/","title":{"rendered":"Dixie Black"},"content":{"rendered":"<p dir=\"ltr\">A fine, warm merino wool cardigan to welcome autumn in style.<\/p>\n<p dir=\"ltr\">Its elegant details, with their interplay of colours and volumes, are particularly striking.<\/p>\n<p dir=\"ltr\">100% merino, made in Italy.<\/p>","protected":false},"excerpt":{"rendered":"<p>Un gilet fin et chaud en laine m\u00e9rinos pour rentrer dans l&rsquo;automne avec style. On remarquera ses d\u00e9tails \u00e9l\u00e9gants, entre jeu de couleurs et de volumes. 100% m\u00e9rinos, fabriqu\u00e9 en Italie.<\/p>","protected":false},"featured_media":48619,"template":"","meta":[],"product_brand":[],"product_cat":[621,214,591,230,456],"product_tag":[607],"class_list":{"0":"post-47886","1":"product","2":"type-product","3":"status-publish","4":"has-post-thumbnail","6":"product_cat-avenue","7":"product_cat-videdressing","8":"product_cat-hiver-25","9":"product_cat-maille","10":"product_cat-outlet","11":"product_tag-dixienoir","12":"product_shipping_class-en-stock","13":"pa_sizer-t0-32-34","14":"pa_sizer-t1","15":"pa_sizer-t2","16":"pa_sizer-t3","18":"first","19":"instock","20":"sale","21":"taxable","22":"shipping-taxable","23":"purchasable","24":"product-type-variable","25":"has-default-attributes"},"_links":{"self":[{"href":"https:\/\/www.lilithparis.com\/en\/wp-json\/wp\/v2\/product\/47886","targetHints":{"allow":["GET"]}}],"collection":[{"href":"https:\/\/www.lilithparis.com\/en\/wp-json\/wp\/v2\/product"}],"about":[{"href":"https:\/\/www.lilithparis.com\/en\/wp-json\/wp\/v2\/types\/product"}],"wp:featuredmedia":[{"embeddable":true,"href":"https:\/\/www.lilithparis.com\/en\/wp-json\/wp\/v2\/media\/48619"}],"wp:attachment":[{"href":"https:\/\/www.lilithparis.com\/en\/wp-json\/wp\/v2\/media?parent=47886"}],"wp:term":[{"taxonomy":"product_brand","embeddable":true,"href":"https:\/\/www.lilithparis.com\/en\/wp-json\/wp\/v2\/product_brand?post=47886"},{"taxonomy":"product_cat","embeddable":true,"href":"https:\/\/www.lilithparis.com\/en\/wp-json\/wp\/v2\/product_cat?post=47886"},{"taxonomy":"product_tag","embeddable":true,"href":"https:\/\/www.lilithparis.com\/en\/wp-json\/wp\/v2\/product_tag?post=47886"}],"curies":[{"name":"wp","href":"https:\/\/api.w.org\/{rel}","templated":true}]}}