{"id":47903,"date":"2025-06-03T11:32:18","date_gmt":"2025-06-03T09:32:18","guid":{"rendered":"https:\/\/www.lilithparis.com\/?post_type=product&#038;p=47903"},"modified":"2026-03-25T16:23:26","modified_gmt":"2026-03-25T15:23:26","slug":"ethel-olive-pullover","status":"publish","type":"product","link":"https:\/\/www.lilithparis.com\/en\/shop\/pull-ethel-olive\/","title":{"rendered":"Ethel Olive"},"content":{"rendered":"<p dir=\"ltr\">This incomparably soft wool and alpaca cardigan will add character to your outfits.<\/p>\n<p dir=\"ltr\">Wear over a shirt for a masculine look or over a dress or with a skirt for a softer look.<\/p>\n<p dir=\"ltr\">Made in Italy.<\/p>","protected":false},"excerpt":{"rendered":"<p>Gilet en laine et alpaga d&rsquo;une douceur incomparable, il donnera du caract\u00e8re \u00e0 vos tenues. A porter sur une chemise pour un look masculin assum\u00e9 ou sur une robe ou avec une jupe pour un look plus doux. Fabriqu\u00e9 en Italie.<\/p>","protected":false},"featured_media":48724,"template":"","meta":[],"product_brand":[],"product_cat":[621,214,591,230,456],"product_tag":[613],"class_list":{"0":"post-47903","1":"product","2":"type-product","3":"status-publish","4":"has-post-thumbnail","6":"product_cat-avenue","7":"product_cat-videdressing","8":"product_cat-hiver-25","9":"product_cat-maille","10":"product_cat-outlet","11":"product_tag-ethelolive","12":"product_shipping_class-en-stock","13":"pa_sizer-t1","14":"pa_sizer-t2","15":"pa_sizer-t3","17":"first","18":"instock","19":"sale","20":"taxable","21":"shipping-taxable","22":"purchasable","23":"product-type-variable","24":"has-default-attributes"},"_links":{"self":[{"href":"https:\/\/www.lilithparis.com\/en\/wp-json\/wp\/v2\/product\/47903","targetHints":{"allow":["GET"]}}],"collection":[{"href":"https:\/\/www.lilithparis.com\/en\/wp-json\/wp\/v2\/product"}],"about":[{"href":"https:\/\/www.lilithparis.com\/en\/wp-json\/wp\/v2\/types\/product"}],"wp:featuredmedia":[{"embeddable":true,"href":"https:\/\/www.lilithparis.com\/en\/wp-json\/wp\/v2\/media\/48724"}],"wp:attachment":[{"href":"https:\/\/www.lilithparis.com\/en\/wp-json\/wp\/v2\/media?parent=47903"}],"wp:term":[{"taxonomy":"product_brand","embeddable":true,"href":"https:\/\/www.lilithparis.com\/en\/wp-json\/wp\/v2\/product_brand?post=47903"},{"taxonomy":"product_cat","embeddable":true,"href":"https:\/\/www.lilithparis.com\/en\/wp-json\/wp\/v2\/product_cat?post=47903"},{"taxonomy":"product_tag","embeddable":true,"href":"https:\/\/www.lilithparis.com\/en\/wp-json\/wp\/v2\/product_tag?post=47903"}],"curies":[{"name":"wp","href":"https:\/\/api.w.org\/{rel}","templated":true}]}}