{"id":47905,"date":"2025-06-03T11:43:12","date_gmt":"2025-06-03T09:43:12","guid":{"rendered":"https:\/\/www.lilithparis.com\/?post_type=product&#038;p=47905"},"modified":"2026-04-27T11:21:44","modified_gmt":"2026-04-27T09:21:44","slug":"pull-flip-anthracite","status":"publish","type":"product","link":"https:\/\/www.lilithparis.com\/en\/shop\/pull-flip-anthracite\/","title":{"rendered":"Flip Anthracite"},"content":{"rendered":"<p dir=\"ltr\">This cosy merino wool jumper will keep you warm all season long.<\/p>\n<p dir=\"ltr\">Its slightly slim fit and mesh pattern make it both feminine and elegant.<\/p>\n<p dir=\"ltr\">The Flip jumper will be your winter ally, to be worn without moderation.<\/p>\n<p dir=\"ltr\">Made in Italy.<\/p>\n<p dir=\"ltr\"><strong><em>Size small<\/em><\/strong><\/p>","protected":false},"excerpt":{"rendered":"<p>Le pull cosy par excellence, en laine m\u00e9rinos vous gardera bien au chaud toute la saison. Sa coupe l\u00e9g\u00e8rement cintr\u00e9e et son jeu de mailles le rendent \u00e0 la fois f\u00e9minin et \u00e9l\u00e9gant. Le pull Flip sera votre alli\u00e9 de l&rsquo;hiver, \u00e0 porter sans mod\u00e9ration. Fabriqu\u00e9 en Italie. Taille petit<\/p>","protected":false},"featured_media":48493,"template":"","meta":{"_kad_post_transparent":"default","_kad_post_title":"","_kad_post_layout":"default","_kad_post_sidebar_id":"","_kad_post_content_style":"default","_kad_post_vertical_padding":"default","_kad_post_feature":"","_kad_post_feature_position":"","_kad_post_header":false,"_kad_post_footer":false,"_kad_post_classname":""},"product_brand":[],"product_cat":[624,214,591,230,456],"product_tag":[619],"class_list":{"0":"post-47905","1":"product","2":"type-product","3":"status-publish","4":"has-post-thumbnail","6":"product_cat-collection-escale-sauvage","7":"product_cat-videdressing","8":"product_cat-hiver-25","9":"product_cat-maille","10":"product_cat-outlet","11":"product_tag-flipanthracite","12":"product_shipping_class-en-stock","13":"pa_sizer-t0-32-34","14":"pa_sizer-t1","15":"pa_sizer-t2","16":"pa_sizer-t3","18":"first","19":"instock","20":"sale","21":"taxable","22":"shipping-taxable","23":"purchasable","24":"product-type-variable","25":"has-default-attributes","26":"entry","27":"content-bg","28":"loop-entry"},"_links":{"self":[{"href":"https:\/\/www.lilithparis.com\/en\/wp-json\/wp\/v2\/product\/47905","targetHints":{"allow":["GET"]}}],"collection":[{"href":"https:\/\/www.lilithparis.com\/en\/wp-json\/wp\/v2\/product"}],"about":[{"href":"https:\/\/www.lilithparis.com\/en\/wp-json\/wp\/v2\/types\/product"}],"wp:featuredmedia":[{"embeddable":true,"href":"https:\/\/www.lilithparis.com\/en\/wp-json\/wp\/v2\/media\/48493"}],"wp:attachment":[{"href":"https:\/\/www.lilithparis.com\/en\/wp-json\/wp\/v2\/media?parent=47905"}],"wp:term":[{"taxonomy":"product_brand","embeddable":true,"href":"https:\/\/www.lilithparis.com\/en\/wp-json\/wp\/v2\/product_brand?post=47905"},{"taxonomy":"product_cat","embeddable":true,"href":"https:\/\/www.lilithparis.com\/en\/wp-json\/wp\/v2\/product_cat?post=47905"},{"taxonomy":"product_tag","embeddable":true,"href":"https:\/\/www.lilithparis.com\/en\/wp-json\/wp\/v2\/product_tag?post=47905"}],"curies":[{"name":"wp","href":"https:\/\/api.w.org\/{rel}","templated":true}]}}