{"id":53238,"date":"2026-02-10T11:18:05","date_gmt":"2026-02-10T10:18:05","guid":{"rendered":"https:\/\/www.lilithparis.com\/?post_type=product&#038;p=53238"},"modified":"2026-04-23T11:32:34","modified_gmt":"2026-04-23T09:32:34","slug":"carino","status":"publish","type":"product","link":"https:\/\/www.lilithparis.com\/en\/shop\/carino\/","title":{"rendered":"Carino trousers"},"content":{"rendered":"<p>Soft cotton denim trousers.<\/p>\n<p>The wide leg provides fluid, comfortable movement.<\/p>\n<p>Contrast topstitching on the knees adds rhythm and character to the look.<\/p>","protected":false},"excerpt":{"rendered":"<p>Pantalon en denim de coton souple. La jambe large apporte un mouvement fluide et confortable. Un jeu de surpiq\u00fbres contrast\u00e9es aux genoux rythment l&rsquo;allure en apportant du caract\u00e8re \u00e0 la pi\u00e8ce.<\/p>","protected":false},"featured_media":53463,"template":"","meta":{"_kad_post_transparent":"default","_kad_post_title":"","_kad_post_layout":"default","_kad_post_sidebar_id":"","_kad_post_content_style":"default","_kad_post_vertical_padding":"default","_kad_post_feature":"","_kad_post_feature_position":"","_kad_post_header":false,"_kad_post_footer":false,"_kad_post_classname":""},"product_brand":[],"product_cat":[627,15,653],"product_tag":[639],"class_list":{"0":"post-53238","1":"product","2":"type-product","3":"status-publish","4":"has-post-thumbnail","6":"product_cat-ete-26","7":"product_cat-pantalons","8":"product_cat-v3-guipure-chambray","9":"product_tag-carino","10":"product_shipping_class-en-stock","11":"pa_sizer-l-42","12":"pa_sizer-m-40","13":"pa_sizer-s-38","14":"pa_sizer-xl-44","15":"pa_sizer-xs-36","17":"first","18":"instock","19":"taxable","20":"shipping-taxable","21":"purchasable","22":"product-type-variable","23":"has-default-attributes","24":"entry","25":"content-bg","26":"loop-entry"},"_links":{"self":[{"href":"https:\/\/www.lilithparis.com\/en\/wp-json\/wp\/v2\/product\/53238","targetHints":{"allow":["GET"]}}],"collection":[{"href":"https:\/\/www.lilithparis.com\/en\/wp-json\/wp\/v2\/product"}],"about":[{"href":"https:\/\/www.lilithparis.com\/en\/wp-json\/wp\/v2\/types\/product"}],"wp:featuredmedia":[{"embeddable":true,"href":"https:\/\/www.lilithparis.com\/en\/wp-json\/wp\/v2\/media\/53463"}],"wp:attachment":[{"href":"https:\/\/www.lilithparis.com\/en\/wp-json\/wp\/v2\/media?parent=53238"}],"wp:term":[{"taxonomy":"product_brand","embeddable":true,"href":"https:\/\/www.lilithparis.com\/en\/wp-json\/wp\/v2\/product_brand?post=53238"},{"taxonomy":"product_cat","embeddable":true,"href":"https:\/\/www.lilithparis.com\/en\/wp-json\/wp\/v2\/product_cat?post=53238"},{"taxonomy":"product_tag","embeddable":true,"href":"https:\/\/www.lilithparis.com\/en\/wp-json\/wp\/v2\/product_tag?post=53238"}],"curies":[{"name":"wp","href":"https:\/\/api.w.org\/{rel}","templated":true}]}}