{"id":53298,"date":"2026-04-30T10:17:25","date_gmt":"2026-04-30T08:17:25","guid":{"rendered":"https:\/\/www.lilithparis.com\/?post_type=product&#038;p=53298"},"modified":"2026-04-30T10:31:46","modified_gmt":"2026-04-30T08:31:46","slug":"annie","status":"publish","type":"product","link":"https:\/\/www.lilithparis.com\/en\/shop\/annie\/","title":{"rendered":"Annie skirt"},"content":{"rendered":"<p>Midi skirt with fine stripes, designed with a high, defined waist and a loose fit.<\/p>\n<p>The pleats add volume and movement, while the side pockets remain discreet. The stripes structure the silhouette with simplicity and elegance.<\/p>","protected":false},"excerpt":{"rendered":"<p>Jupe midi \u00e0 rayures fines, dessin\u00e9e par une taille haute bien marqu\u00e9e et une coupe ample. Les plis apportent du volume et du mouvement, tandis que les poches sur les c\u00f4t\u00e9s restent discr\u00e8tes. Le jeu de rayures structure la silhouette avec simplicit\u00e9 et \u00e9l\u00e9gance.<\/p>","protected":false},"featured_media":53456,"template":"","meta":{"_kad_post_transparent":"default","_kad_post_title":"","_kad_post_layout":"default","_kad_post_sidebar_id":"","_kad_post_content_style":"default","_kad_post_vertical_padding":"default","_kad_post_feature":"","_kad_post_feature_position":"","_kad_post_header":false,"_kad_post_footer":false,"_kad_post_classname":""},"product_brand":[],"product_cat":[627,231,651],"product_tag":[660],"class_list":{"0":"post-53298","1":"product","2":"type-product","3":"status-publish","4":"has-post-thumbnail","6":"product_cat-ete-26","7":"product_cat-bas","8":"product_cat-v1-fines-rayures-molleton-jersey","9":"product_tag-annie","10":"product_shipping_class-en-stock","11":"pa_sizer-l-42","12":"pa_sizer-m-40","13":"pa_sizer-s-38","14":"pa_sizer-xl-44","15":"pa_sizer-xs-36","17":"first","18":"instock","19":"taxable","20":"shipping-taxable","21":"purchasable","22":"product-type-variable","23":"has-default-attributes","24":"entry","25":"content-bg","26":"loop-entry"},"_links":{"self":[{"href":"https:\/\/www.lilithparis.com\/en\/wp-json\/wp\/v2\/product\/53298","targetHints":{"allow":["GET"]}}],"collection":[{"href":"https:\/\/www.lilithparis.com\/en\/wp-json\/wp\/v2\/product"}],"about":[{"href":"https:\/\/www.lilithparis.com\/en\/wp-json\/wp\/v2\/types\/product"}],"wp:featuredmedia":[{"embeddable":true,"href":"https:\/\/www.lilithparis.com\/en\/wp-json\/wp\/v2\/media\/53456"}],"wp:attachment":[{"href":"https:\/\/www.lilithparis.com\/en\/wp-json\/wp\/v2\/media?parent=53298"}],"wp:term":[{"taxonomy":"product_brand","embeddable":true,"href":"https:\/\/www.lilithparis.com\/en\/wp-json\/wp\/v2\/product_brand?post=53298"},{"taxonomy":"product_cat","embeddable":true,"href":"https:\/\/www.lilithparis.com\/en\/wp-json\/wp\/v2\/product_cat?post=53298"},{"taxonomy":"product_tag","embeddable":true,"href":"https:\/\/www.lilithparis.com\/en\/wp-json\/wp\/v2\/product_tag?post=53298"}],"curies":[{"name":"wp","href":"https:\/\/api.w.org\/{rel}","templated":true}]}}